{"id":260510,"date":"2026-02-06T16:31:43","date_gmt":"2026-02-06T15:31:43","guid":{"rendered":"https:\/\/abela.shop\/rs\/?post_type=product&#038;p=260510"},"modified":"2026-03-27T13:55:55","modified_gmt":"2026-03-27T12:55:55","slug":"enterobiotik-intima","status":"publish","type":"product","link":"https:\/\/abela.shop\/rs\/proizvod\/enterobiotik-intima\/","title":{"rendered":"EnteroBiotik\u00ae Intima"},"content":{"rendered":"<p><strong>EnteroBiotik\u00ae Intima<\/strong> je dijetetski suplement sa korisnim mikroorganizmima namenjen zdravlju vaginalne mikrobiote. Sadr\u017ei kombinaciju tri klini\u010dki ispitana soja laktobacila (Lacticaseibacillus rhamnosus CA15, Lacticaseibacillus paracasei 502, Lacticaseibacillus crispatus) i probiotsku kvasnicu Saccharomyces boulardii, sa ukupno 17 milijardi \u017eivih probiotskih \u0107elija po kapsuli, deklarisanih na kraju roka upotrebe. Proizvod doprinosi obnovi i odr\u017eavanju vaginalne flore, uspostavljanju optimalnog pH i barijerne funkcije sluzoko\u017ee, kao i smanjenju u\u010destalosti bakterijskih, gljivi\u010dnih i ponavljaju\u0107ih urinarnih infekcija.<\/p>\n<h4>Sastav proizvoda:<\/h4>\n<ul>\n<li>Lacticaseibacillus rhamnosus CA15 \u2013 min. 10 \u00d7 10\u2079 \u017eivih \u0107elija<\/li>\n<li>Lacticaseibacillus paracasei 502 \u2013 min. 3 \u00d7 10\u2079 \u017eivih \u0107elija<\/li>\n<li>Lacticaseibacillus crispatus \u2013 min. 2 \u00d7 10\u2079 \u017eivih \u0107elija<\/li>\n<li>Saccharomyces boulardii \u2013 min. 2 \u00d7 10\u2079 \u017eivih \u0107elija<\/li>\n<\/ul>\n","protected":false},"excerpt":{"rendered":"<p><span class=\"opis-proizvoda\"><i class=\"fa-solid fa-circle-check check-opis-proizvoda\"><\/i>Odr\u017eava zdrav i balansiran vaginalni mikrobiom<\/span><br \/>\n<span class=\"opis-proizvoda\"><i class=\"fa-solid fa-circle-check check-opis-proizvoda\"><\/i>Doprinosi optimalnom vaginalnom pH<\/span><br \/>\n<span class=\"opis-proizvoda\"><i class=\"fa-solid fa-circle-check check-opis-proizvoda\"><\/i>Smanjuje u\u010destalost bakterijskih, gljivi\u010dnih i urinarnih infekcija<\/span><br \/>\n<span class=\"opis-proizvoda\"><i class=\"fa-solid fa-circle-check check-opis-proizvoda\"><\/i>Sadr\u017ei 17 milijardi \u017eivih probiotskih \u0107elija po kapsuli<\/span><\/p>\n","protected":false},"featured_media":260513,"comment_status":"open","ping_status":"closed","template":"","meta":{"_acf_changed":false},"product_brand":[],"product_cat":[74,320,72],"product_tag":[],"class_list":{"0":"post-260510","1":"product","2":"type-product","3":"status-publish","4":"has-post-thumbnail","6":"product_cat-intimno-zdravlje-zena","7":"product_cat-creva-u-balansu","8":"product_cat-probiotici","10":"first","11":"instock","12":"shipping-taxable","13":"purchasable","14":"product-type-variable"},"acf":[],"jetpack_sharing_enabled":true,"_links":{"self":[{"href":"https:\/\/abela.shop\/rs\/wp-json\/wp\/v2\/product\/260510","targetHints":{"allow":["GET"]}}],"collection":[{"href":"https:\/\/abela.shop\/rs\/wp-json\/wp\/v2\/product"}],"about":[{"href":"https:\/\/abela.shop\/rs\/wp-json\/wp\/v2\/types\/product"}],"replies":[{"embeddable":true,"href":"https:\/\/abela.shop\/rs\/wp-json\/wp\/v2\/comments?post=260510"}],"version-history":[{"count":1,"href":"https:\/\/abela.shop\/rs\/wp-json\/wp\/v2\/product\/260510\/revisions"}],"predecessor-version":[{"id":260517,"href":"https:\/\/abela.shop\/rs\/wp-json\/wp\/v2\/product\/260510\/revisions\/260517"}],"wp:featuredmedia":[{"embeddable":true,"href":"https:\/\/abela.shop\/rs\/wp-json\/wp\/v2\/media\/260513"}],"wp:attachment":[{"href":"https:\/\/abela.shop\/rs\/wp-json\/wp\/v2\/media?parent=260510"}],"wp:term":[{"taxonomy":"product_brand","embeddable":true,"href":"https:\/\/abela.shop\/rs\/wp-json\/wp\/v2\/product_brand?post=260510"},{"taxonomy":"product_cat","embeddable":true,"href":"https:\/\/abela.shop\/rs\/wp-json\/wp\/v2\/product_cat?post=260510"},{"taxonomy":"product_tag","embeddable":true,"href":"https:\/\/abela.shop\/rs\/wp-json\/wp\/v2\/product_tag?post=260510"}],"curies":[{"name":"wp","href":"https:\/\/api.w.org\/{rel}","templated":true}]}}