{"id":261519,"date":"2026-03-16T14:27:06","date_gmt":"2026-03-16T13:27:06","guid":{"rendered":"https:\/\/abela.shop\/rs\/?post_type=product&#038;p=261519"},"modified":"2026-04-16T00:59:28","modified_gmt":"2026-04-15T23:59:28","slug":"bebicol-calm-comfort","status":"publish","type":"product","link":"https:\/\/abela.shop\/rs\/proizvod\/bebicol-calm-comfort\/","title":{"rendered":"BebiCol\u00ae calm &#038; comfort"},"content":{"rendered":"<p><strong>BebiCol<sup>\u00ae<\/sup>\u00a0calm &amp; comfort<\/strong> kapi sadr\u017ee 2 najispitivanije probiotske culture Lactobacillus rhamnosus GG I <strong>Limosilactobacillus reuteri .<\/strong><\/p>\n<p><strong>Probiotske kapi BebiCol<sup>\u00ae <\/sup> calm &amp; comfort se preporu\u010duju kod novoro\u0111en\u010dadi i beba ve\u0107 od prvog dana \u017eivota:<\/strong><br \/>\n\u2022 kod gr\u010deva i nakupljanja gasova<br \/>\n\u2022 za odr\u017eavanje balansa crvene mikrobiote<\/p>\n<p>ESPGHAN (Evropsko Udru\u017eenje Pedijatara Gastroenterologa Hepatologa i Nutricionista) preporu\u010duju L.reuteri u tretmanu infantilnih kolika kod beba.<\/p>\n<p>Studije su pokazale da bebe koje pate od gr\u010deva imaju smanjen broj korisnih probiotskih bakterija u crevima.<\/p>\n<h3>Na\u010din upotrebe za novoro\u0111en\u010dad, odoj\u010dad i decu:<\/h3>\n<p>\u2022 14 kapi jednom dnevno, za gr\u010deve i funkcionalni bol u stomaku.<\/p>\n<p>Pre upotrebe obavezno promu\u0107kati. Opalescentan (zamu\u0107en) izgled kapi nakon mu\u0107kanja je uobi\u010dajen i o\u010dekivan. Najbolje je uzeti kapi samostalno na ka\u0161i\u010dici. Kapi se mogu pome\u0161ati sa hranom ili napicima i tako popiti. Pipeta ne treba da se upotrebljava za me\u0161anje BebiCol\u00ae kapi sa drugom te\u010dno\u0161\u0107u ili hranom.<\/p>\n","protected":false},"excerpt":{"rendered":"<p><span class=\"opis-proizvoda\"><i class=\"fa-solid fa-circle-check check-opis-proizvoda\"><\/i>Sadr\u017ei dve najispitivanije probiotske kulture \u2013 <strong>Lactobacillus rhamnosus GG i Limosilactobacillus reuteri<\/strong><\/span><br \/>\n<span class=\"opis-proizvoda\"><i class=\"fa-solid fa-circle-check check-opis-proizvoda\"><\/i>Preporu\u010duje se kod <strong>novoro\u0111en\u010dadi i beba od prvog dana \u017eivota<\/strong><\/span><br \/>\n<span class=\"opis-proizvoda\"><i class=\"fa-solid fa-circle-check check-opis-proizvoda\"><\/i>Poma\u017ee kod <strong>gr\u010deva i nakupljanja gasova kod novoro\u0111en\u010dadi<\/strong><\/span><br \/>\n<span class=\"opis-proizvoda\"><i class=\"fa-solid fa-circle-check check-opis-proizvoda\"><\/i><strong>ESPGHAN<\/strong> (Evropsko udru\u017eenje pedijatara gastroenterologa, hepatologa i nutricionista) preporu\u010duje <strong>L. reuteri<\/strong> u tretmanu infantilnih kolika kod beba<\/span><br \/>\n<span class=\"opis-proizvoda\"><i class=\"fa-solid fa-circle-check check-opis-proizvoda\"><\/i>Studije pokazuju da bebe sa gr\u010devima \u010desto imaju <strong>smanjen broj korisnih probiotskih bakterija u crevima<\/strong><\/span><\/p>\n","protected":false},"featured_media":261520,"comment_status":"open","ping_status":"closed","template":"","meta":{"_acf_changed":false},"product_brand":[],"product_cat":[127,72],"product_tag":[],"class_list":{"0":"post-261519","1":"product","2":"type-product","3":"status-publish","4":"has-post-thumbnail","6":"product_cat-imunitet","7":"product_cat-probiotici","9":"first","10":"instock","11":"shipping-taxable","12":"purchasable","13":"product-type-simple"},"acf":[],"jetpack_sharing_enabled":true,"_links":{"self":[{"href":"https:\/\/abela.shop\/rs\/wp-json\/wp\/v2\/product\/261519","targetHints":{"allow":["GET"]}}],"collection":[{"href":"https:\/\/abela.shop\/rs\/wp-json\/wp\/v2\/product"}],"about":[{"href":"https:\/\/abela.shop\/rs\/wp-json\/wp\/v2\/types\/product"}],"replies":[{"embeddable":true,"href":"https:\/\/abela.shop\/rs\/wp-json\/wp\/v2\/comments?post=261519"}],"version-history":[{"count":4,"href":"https:\/\/abela.shop\/rs\/wp-json\/wp\/v2\/product\/261519\/revisions"}],"predecessor-version":[{"id":261525,"href":"https:\/\/abela.shop\/rs\/wp-json\/wp\/v2\/product\/261519\/revisions\/261525"}],"wp:featuredmedia":[{"embeddable":true,"href":"https:\/\/abela.shop\/rs\/wp-json\/wp\/v2\/media\/261520"}],"wp:attachment":[{"href":"https:\/\/abela.shop\/rs\/wp-json\/wp\/v2\/media?parent=261519"}],"wp:term":[{"taxonomy":"product_brand","embeddable":true,"href":"https:\/\/abela.shop\/rs\/wp-json\/wp\/v2\/product_brand?post=261519"},{"taxonomy":"product_cat","embeddable":true,"href":"https:\/\/abela.shop\/rs\/wp-json\/wp\/v2\/product_cat?post=261519"},{"taxonomy":"product_tag","embeddable":true,"href":"https:\/\/abela.shop\/rs\/wp-json\/wp\/v2\/product_tag?post=261519"}],"curies":[{"name":"wp","href":"https:\/\/api.w.org\/{rel}","templated":true}]}}