{"id":262008,"date":"2026-04-02T10:12:06","date_gmt":"2026-04-02T09:12:06","guid":{"rendered":"https:\/\/abela.shop\/rs\/?post_type=product&#038;p=262008"},"modified":"2026-04-17T19:00:01","modified_gmt":"2026-04-17T18:00:01","slug":"bivits-activa-vitamin-d3-4000-iu-60-tableta","status":"publish","type":"product","link":"https:\/\/abela.shop\/rs\/proizvod\/bivits-activa-vitamin-d3-4000-iu-60-tableta\/","title":{"rendered":"BiVits\u00ae ACTIVA Vitamin D3 4000 IU, 60 tableta"},"content":{"rendered":"<p><strong>BiVits<sup>\u00ae<\/sup> ACTIVA Vitamin D3 4000 IU <\/strong>je dijetetski suplement sa visokim sadr\u017eajem vitamina D3, klju\u010dnog vitamina za zdravlje kostiju, imunolo\u0161kog sistema i op\u0161te vitalnosti.<\/p>\n<p><strong>BiVits<sup>\u00ae<\/sup> ACTIVA Vitamin D3 4000 IU doprinosi:<\/strong><br \/>\n\u2022 Apsorpciji kalcijuma i fosfora<br \/>\n\u2022 zdravlju kostiju i zuba<br \/>\n\u2022 O\u010duvanju jakog imuniteta<br \/>\n\u2022 Smanjenju umora i iscrpljenosti<\/p>\n<h2>Namena proizvoda:<\/h2>\n<p><strong>BiVits<sup>\u00ae<\/sup> ACTIVA Vitamin D3 4000 IU se preporu\u010duje:<\/strong><br \/>\n\u2022 Osobama sa nedostatkom vitamina D<br \/>\n\u2022 Osobama starijim od 50 godina<br \/>\n\u2022 Trudnicama i dojiljama uz konsultaciju s lekarom<br \/>\n\u2022 Sportistima i aktivnim osobama za o\u010duvanje optimalne snage i izdr\u017eljivosti<\/p>\n<h2>Sastav proizvoda:<\/h2>\n<p>manitol i mikrokristalna celuloza (sredstva za pove\u0107anje zapremine), holekalciferol, magnezijum-stearat (sredstvo protiv zgrudvavanja)<\/p>\n<h2>Na\u010din upotrebe:<\/h2>\n<p>Odrasli: Popiti jednu tabletu dnevno.<\/p>\n","protected":false},"excerpt":{"rendered":"<p><span class=\"opis-proizvoda\"><i class=\"fa-solid fa-circle-check check-opis-proizvoda\"><\/i><strong>Prvo re\u0161enje kada vam treba nadoknada deficita vitamina D<\/strong><\/span><br \/>\n<span class=\"opis-proizvoda\"><i class=\"fa-solid fa-circle-check check-opis-proizvoda\"><\/i>Za ja\u010danje imuniteta i smanjenje umora i iscrpljenosti<\/span><br \/>\n<span class=\"opis-proizvoda\"><i class=\"fa-solid fa-circle-check check-opis-proizvoda\"><\/i>Kada su potrebe za vitaminom D pove\u0107ane (starije osobe, aktivni ljudi, poseban re\u017eim \u017eivota)<\/span><\/p>\n","protected":false},"featured_media":262009,"comment_status":"open","ping_status":"closed","template":"","meta":{"_acf_changed":false},"product_brand":[],"product_cat":[127,88],"product_tag":[],"class_list":{"0":"post-262008","1":"product","2":"type-product","3":"status-publish","4":"has-post-thumbnail","6":"product_cat-imunitet","7":"product_cat-vitamini-i-minerali","9":"first","10":"instock","11":"shipping-taxable","12":"purchasable","13":"product-type-simple"},"acf":[],"jetpack_sharing_enabled":true,"_links":{"self":[{"href":"https:\/\/abela.shop\/rs\/wp-json\/wp\/v2\/product\/262008","targetHints":{"allow":["GET"]}}],"collection":[{"href":"https:\/\/abela.shop\/rs\/wp-json\/wp\/v2\/product"}],"about":[{"href":"https:\/\/abela.shop\/rs\/wp-json\/wp\/v2\/types\/product"}],"replies":[{"embeddable":true,"href":"https:\/\/abela.shop\/rs\/wp-json\/wp\/v2\/comments?post=262008"}],"version-history":[{"count":1,"href":"https:\/\/abela.shop\/rs\/wp-json\/wp\/v2\/product\/262008\/revisions"}],"predecessor-version":[{"id":262011,"href":"https:\/\/abela.shop\/rs\/wp-json\/wp\/v2\/product\/262008\/revisions\/262011"}],"wp:featuredmedia":[{"embeddable":true,"href":"https:\/\/abela.shop\/rs\/wp-json\/wp\/v2\/media\/262009"}],"wp:attachment":[{"href":"https:\/\/abela.shop\/rs\/wp-json\/wp\/v2\/media?parent=262008"}],"wp:term":[{"taxonomy":"product_brand","embeddable":true,"href":"https:\/\/abela.shop\/rs\/wp-json\/wp\/v2\/product_brand?post=262008"},{"taxonomy":"product_cat","embeddable":true,"href":"https:\/\/abela.shop\/rs\/wp-json\/wp\/v2\/product_cat?post=262008"},{"taxonomy":"product_tag","embeddable":true,"href":"https:\/\/abela.shop\/rs\/wp-json\/wp\/v2\/product_tag?post=262008"}],"curies":[{"name":"wp","href":"https:\/\/api.w.org\/{rel}","templated":true}]}}