{"id":262521,"date":"2026-04-30T12:26:43","date_gmt":"2026-04-30T11:26:43","guid":{"rendered":"https:\/\/abela.shop\/rs\/?post_type=product&#038;p=262521"},"modified":"2026-05-01T17:59:34","modified_gmt":"2026-05-01T16:59:34","slug":"propomucil-pastile-honey-and-lemon-24-pastile","status":"publish","type":"product","link":"https:\/\/abela.shop\/rs\/proizvod\/propomucil-pastile-honey-and-lemon-24-pastile\/","title":{"rendered":"PropoMucil\u00ae pastile Honey and lemon, 24 pastile"},"content":{"rendered":"<p><strong>PropoMucil<sup>\u00ae<\/sup> pastile Honey and lemon<\/strong>\u00a0je dodatak ishrani sa propolisom, N-acetilcisteinom, vitaminom C i <a href=\"https:\/\/abela.shop\/rs\/proizvod\/bivits-activa-cink-60-tableta\/\"><strong>cinkom<\/strong><\/a>. Svojim bogatim sastavom poma\u017eu kod bola i upale grla, raznih iritacija grla, oporavka kod afti, obnavljaju sluzoko\u017eu usta i poma\u017eu kod <a href=\"https:\/\/propomucil.rs\/glas\/\" target=\"_blank\" rel=\"noopener\"><strong>gubitka glasa<\/strong><\/a>.<br \/>\nEkstra propolis unapre\u0111uje efikasnost proizvoda, pru\u017eaju\u0107i dodatnu podr\u0161ku antimikrobnim i antioksidativnim svojstvima i sna\u017eno deluju protiv virusa. Prirodni N-acetilcistein: smanjuje stvaranje bakterijskog biofilma \u010dime omogu\u0107ava da propolis deluje antimikrobno- protiv virusa i bakterija. Vitamin C donosi antioksidativnu mo\u0107 koja poma\u017ee u za\u0161titi \u0107elija od o\u0161te\u0107enja i doprinosi op\u0161tem zdravlju organizma. Cink doprinosi ja\u010danju imunolo\u0161kog sistema, pru\u017eaju\u0107i dodatnu za\u0161titu od infekcija i podr\u017eavaju\u0107i op\u0161te zdravlje.<\/p>\n<h2>Sastav proizvoda:<\/h2>\n<p>ekstrakt propolisa, N-acetilcistein, vitamin C (L-askorbinska kiselina), cink-citrat, limunksa kiselina, aroma limuna, med, ekstrakt kurkume, zasla\u0111iva\u010di: sorbitol, maltitol, sukraloza, acesulfam K, zgu\u0161njiva\u010d: arapska guma, sredstvo za glaziranje: p\u010delinji vosak.<\/p>\n<h2>Na\u010din upotrebe:<\/h2>\n<p>Odrasli i deca starija od 12 godina: 4-6 pastila u toku dana otopiti u ustima. Deca od 3 do 12 godina: 2-3 pastile u toku dana otopiti u ustima.<\/p>\n","protected":false},"excerpt":{"rendered":"<p><span class=\"opis-proizvoda\"><i class=\"fa-solid fa-circle-check check-opis-proizvoda\"><\/i><strong>kod bola i upale grla<\/strong><\/span><br \/>\n<span class=\"opis-proizvoda\"><i class=\"fa-solid fa-circle-check check-opis-proizvoda\"><\/i>raznih iritacija grla<\/span><br \/>\n<span class=\"opis-proizvoda\"><i class=\"fa-solid fa-circle-check check-opis-proizvoda\"><\/i>oporavka kod afti<\/span><br \/>\n<span class=\"opis-proizvoda\"><i class=\"fa-solid fa-circle-check check-opis-proizvoda\"><\/i>obnavljaju sluzoko\u017eu usta<\/span><br \/>\n<span class=\"opis-proizvoda\"><i class=\"fa-solid fa-circle-check check-opis-proizvoda\"><\/i>poma\u017eu kod gubitka glasa<\/span><\/p>\n","protected":false},"featured_media":262522,"comment_status":"open","ping_status":"closed","template":"","meta":{"_acf_changed":false},"product_brand":[],"product_cat":[73],"product_tag":[],"class_list":{"0":"post-262521","1":"product","2":"type-product","3":"status-publish","4":"has-post-thumbnail","6":"product_cat-respiratorni-sistem","8":"first","9":"instock","10":"shipping-taxable","11":"purchasable","12":"product-type-simple"},"acf":[],"jetpack_sharing_enabled":true,"_links":{"self":[{"href":"https:\/\/abela.shop\/rs\/wp-json\/wp\/v2\/product\/262521","targetHints":{"allow":["GET"]}}],"collection":[{"href":"https:\/\/abela.shop\/rs\/wp-json\/wp\/v2\/product"}],"about":[{"href":"https:\/\/abela.shop\/rs\/wp-json\/wp\/v2\/types\/product"}],"replies":[{"embeddable":true,"href":"https:\/\/abela.shop\/rs\/wp-json\/wp\/v2\/comments?post=262521"}],"version-history":[{"count":1,"href":"https:\/\/abela.shop\/rs\/wp-json\/wp\/v2\/product\/262521\/revisions"}],"predecessor-version":[{"id":262523,"href":"https:\/\/abela.shop\/rs\/wp-json\/wp\/v2\/product\/262521\/revisions\/262523"}],"wp:featuredmedia":[{"embeddable":true,"href":"https:\/\/abela.shop\/rs\/wp-json\/wp\/v2\/media\/262522"}],"wp:attachment":[{"href":"https:\/\/abela.shop\/rs\/wp-json\/wp\/v2\/media?parent=262521"}],"wp:term":[{"taxonomy":"product_brand","embeddable":true,"href":"https:\/\/abela.shop\/rs\/wp-json\/wp\/v2\/product_brand?post=262521"},{"taxonomy":"product_cat","embeddable":true,"href":"https:\/\/abela.shop\/rs\/wp-json\/wp\/v2\/product_cat?post=262521"},{"taxonomy":"product_tag","embeddable":true,"href":"https:\/\/abela.shop\/rs\/wp-json\/wp\/v2\/product_tag?post=262521"}],"curies":[{"name":"wp","href":"https:\/\/api.w.org\/{rel}","templated":true}]}}