{"id":262732,"date":"2026-05-12T09:10:25","date_gmt":"2026-05-12T08:10:25","guid":{"rendered":"https:\/\/abela.shop\/rs\/?post_type=product&#038;p=262732"},"modified":"2026-05-12T09:33:53","modified_gmt":"2026-05-12T08:33:53","slug":"bolje-raspolozenje-i-mirniji-stomak","status":"publish","type":"product","link":"https:\/\/abela.shop\/rs\/proizvod\/bolje-raspolozenje-i-mirniji-stomak\/","title":{"rendered":"Bolje raspolo\u017eenje i mirniji stomak"},"content":{"rendered":"<h2><strong>Kada stres prouzrokuje nadutost, potrebna je podr\u0161ka za stomak, raspolo\u017eenje i unutra\u0161nji balans!<\/strong><\/h2>\n<p>Nadutost, gasovi, neprijatnost i bol u stomaku \u010desto mogu biti povezani sa stresom, napeto\u0161\u0107u i promenama raspolo\u017eenja. Zato je Gut &amp; Mood paket idealna kombinacija za sve koji \u017eele podr\u0161ku i za stomak i za unutra\u0161nji balans.<\/p>\n<p>Paket sadr\u017ei <strong>EnteroBiotik\u00ae MOOD<\/strong> &amp; <strong>Flobian\u00ae<\/strong>, kombinaciju proizvoda koja pru\u017ea podr\u0161ku kod stresa, napetosti, razdra\u017eljivosti i promena raspolo\u017eenja a istovremeno deluje na simptome nervoznih creva, nadutost i gasove.<\/p>\n<h2>Sastav proizvoda:<\/h2>\n<p>Liofolizovana kultura <em>Lactiplantibacillus plantarum DSM 9843<\/em>, skrob (kukuruzni), kapsula (hipromeloza), sredstvo za pove\u0107anje zapremine, mikrokristalna celuloza, sredstvo protiv zgu\u0161njavanja: magnezijum stearat, silicijum dioksid.<\/p>\n<p>Lactiplantibacillus plantarum P8 &#8211; 15,0 mg (min. 10 milijardi \u017eivih \u0107elija), GABA (gama-aminobuterna kiselina) &#8211; 100,0 mg, Magnezijum (magnezijum-oksid) &#8211; 59,9 mg (16% NRV). Bifidobacterium animalis ssp. lactis &#8211; Min. 2 milijarde \u017eivih \u0107elija po kapsuli, Cink (cink-citrat) &#8211; 1,6 mg (16% NRV)<\/p>\n<h2>Na\u010din upotrebe:<\/h2>\n<p>Odrasli i deca starije od 3 godine: 1 kapsula dnevno<\/p>\n","protected":false},"excerpt":{"rendered":"<p><span class=\"opis-proizvoda\"><i class=\"fa-solid fa-circle-check check-opis-proizvoda\"><\/i><strong>Doprinosi smanjenju napetosti, stresa i razdra\u017eljivosti<\/strong><\/span><br \/>\n<span class=\"opis-proizvoda\"><i class=\"fa-solid fa-circle-check check-opis-proizvoda\"><\/i>Podr\u017eava dobro raspolo\u017eenje i kvalitetan san<\/span><br \/>\n<span class=\"opis-proizvoda\"><i class=\"fa-solid fa-circle-check check-opis-proizvoda\"><\/i>Poma\u017ee kod nadutosti, gasova i neprijatnosti u stomaku<\/span><br \/>\n<span class=\"opis-proizvoda\"><i class=\"fa-solid fa-circle-check check-opis-proizvoda\"><\/i>Preporu\u010duje se osobama sa simptomima nervoznih creva<\/span><br \/>\n<span class=\"opis-proizvoda\"><i class=\"fa-solid fa-circle-check check-opis-proizvoda\"><\/i>Ubla\u017eava bol i nelagodu u stomaku<\/span><br \/>\n<span class=\"opis-proizvoda\"><i class=\"fa-solid fa-circle-check check-opis-proizvoda\"><\/i>Poma\u017ee da se stomak i raspolo\u017eenje vrate u balans<\/span><\/p>\n","protected":false},"featured_media":262734,"comment_status":"open","ping_status":"closed","template":"","meta":{"_acf_changed":false},"product_brand":[],"product_cat":[133,320,101,72],"product_tag":[],"class_list":{"0":"post-262732","1":"product","2":"type-product","3":"status-publish","4":"has-post-thumbnail","6":"product_cat-akcije","7":"product_cat-creva-u-balansu","8":"product_cat-paketi","9":"product_cat-probiotici","11":"first","12":"instock","13":"sale","14":"shipping-taxable","15":"purchasable","16":"product-type-woosb"},"acf":[],"jetpack_sharing_enabled":true,"_links":{"self":[{"href":"https:\/\/abela.shop\/rs\/wp-json\/wp\/v2\/product\/262732","targetHints":{"allow":["GET"]}}],"collection":[{"href":"https:\/\/abela.shop\/rs\/wp-json\/wp\/v2\/product"}],"about":[{"href":"https:\/\/abela.shop\/rs\/wp-json\/wp\/v2\/types\/product"}],"replies":[{"embeddable":true,"href":"https:\/\/abela.shop\/rs\/wp-json\/wp\/v2\/comments?post=262732"}],"version-history":[{"count":1,"href":"https:\/\/abela.shop\/rs\/wp-json\/wp\/v2\/product\/262732\/revisions"}],"predecessor-version":[{"id":262735,"href":"https:\/\/abela.shop\/rs\/wp-json\/wp\/v2\/product\/262732\/revisions\/262735"}],"wp:featuredmedia":[{"embeddable":true,"href":"https:\/\/abela.shop\/rs\/wp-json\/wp\/v2\/media\/262734"}],"wp:attachment":[{"href":"https:\/\/abela.shop\/rs\/wp-json\/wp\/v2\/media?parent=262732"}],"wp:term":[{"taxonomy":"product_brand","embeddable":true,"href":"https:\/\/abela.shop\/rs\/wp-json\/wp\/v2\/product_brand?post=262732"},{"taxonomy":"product_cat","embeddable":true,"href":"https:\/\/abela.shop\/rs\/wp-json\/wp\/v2\/product_cat?post=262732"},{"taxonomy":"product_tag","embeddable":true,"href":"https:\/\/abela.shop\/rs\/wp-json\/wp\/v2\/product_tag?post=262732"}],"curies":[{"name":"wp","href":"https:\/\/api.w.org\/{rel}","templated":true}]}}